{"id":12,"date":"2020-08-01T17:50:10","date_gmt":"2020-08-01T17:50:10","guid":{"rendered":"http:\/\/ovx.b4a.mywebsitetransfer.com\/inicio\/"},"modified":"2023-10-25T10:50:07","modified_gmt":"2023-10-25T10:50:07","slug":"inicio","status":"publish","type":"page","link":"https:\/\/ciberbrigadista.com\/en\/","title":{"rendered":"Home"},"content":{"rendered":"<p><!-- epsilon\/hero --><br \/>\n<span style=\"color: red;\">#CIBERBRIGADISTA<br \/>\nOver 15 years creating<\/p>\n<p>proyectos<\/p>\n<p>y actividades<br \/>\ncon el objetivo de formar #ciberciudadanos <\/span><br \/>\n<img decoding=\"async\" src=\"http:\/\/ciberbrigadista.com\/wp-content\/uploads\/2020\/08\/elteclas_IMG_22212020_web-1.jpg\" \/><br \/>\n<!-- epsilon\/Services --><br \/>\nCreatives<br \/>\nThe Internet is awashed with\nopportunities, let\u2019s make the most of it.<br \/>\n<!-- \/epsilon\/Services--><br \/>\n<!-- epsilon\/Services --><br \/>\nResponsible<br \/>\nOur premises\n\u201cUsing The Internet sensiBLY\u201d and\n\u201cSharing responsibly\u201d.<br \/>\n<!-- \/epsilon\/Services--><br \/>\n<!-- epsilon\/Services --><br \/>\nSupportive<br \/>\nCreating and supporting awareness\ncampaigns on values and rules for a\nhealthy coexistence on the net.<br \/>\n<!-- \/epsilon\/Services--><br \/>\n<!-- epsilon\/Services --><br \/>\nCritical<br \/>\nNOT everything on the Internet is true.\nFake news is fashionable.<br \/>\n<!-- \/epsilon\/Services--><br \/>\n<!-- epsilon\/Services --><br \/>\nProactive<br \/>\nJoining efforts and talent to create a\nsafety brigade and training against\nbullying and other ciber scoundrels.<br \/>\n<!-- \/epsilon\/Services--><br \/>\n<!-- \/epsilon\/hero --><\/p>\n<p><!-- epsilon\/about --><br \/>\nCiberbrigadista by <a href=\"http:\/\/www.elteclas.org\" rel=\"noopener\" target=\"_blank\">ElTeclas.UK<\/a><br \/>\nCiberbrigadista es un proyecto cuya finalidad es la formaci\u00f3n en el uso responsable y creativo de internet y de los dispositivos de conexi\u00f3n.<br \/>\nCiberbrigadista es una iniciativa innovadora que naci\u00f3 en 2007 en el Colegio Santiago de Le\u00f3n de Caracas como respuesta a los resultados del estudio realizado por la Universidad de Navarra \u00abGeneraciones Interactivas en Latinoam\u00e9rica\u00bb.<br \/>\n<!-- epsilon\/About --><br \/>\nMISSION<br \/>\nSetting up<span class=\"Apple-converted-space\">\u00a0 <\/span>training activities in the\npursuit of promoting healthy\ncoexistence on the Internet and the responsible use of internet-enabled\ndevices.<span class=\"Apple-converted-space\">\u00a0<\/span><br \/>\n<!-- \/epsilon\/About--><br \/>\n<!-- epsilon\/About --><br \/>\nVISION<br \/>\nCreating an international community\nwhich encourages initiatives and\nactivities to promote the responsible use\nof the Internet.<br \/>\n<!-- \/epsilon\/About--><br \/>\n<!-- epsilon\/About --><br \/>\nProposal of Value<br \/>\n<span style=\"font-weight: 400;\">To offer resources and documents with\nthe aim of providing training in creative\nand responsible use of the Internet and\ninternet-enabled devices.<\/span><br \/>\n<!-- \/epsilon\/About--><br \/>\n<!-- \/epsilon\/about --><\/p>\n<p><!-- epsilon\/specialties --><br \/>\nNuestras fortalezas<br \/>\n\u201cLo m\u00e1gico de ElTeclas es la libertad de crear\u00bb  sin limitaciones y responsableMENTE\u201d.<br \/>\nCiberbrigadista\u00a0is born in the Colegio Santiago de Le\u00f3n de Caracas. We invite you to visit our history.<\/p>\n<p><a href=\"https:\/\/ciberbrigadista.com\/en\/inicio\/ciberbrigadistas-nace-en-2007\/\">We invite you to know our history<\/a><br \/>\n<!-- epsilon\/Specialties --><br \/>\nWEBINARS<br \/>\nWe are passionate about our job, but we\nare required to adapt to the new times and\nreinvent ourselves. Therefore, webinars are\na useful means which enable us to get\ncloser to each of you.<br \/>\n<!-- \/epsilon\/Specialties--><br \/>\n<!-- epsilon\/Specialties --><br \/>\nWORKSHOPS<br \/>\nBased on dynamics and games we explore\nthe online world and its internet services\nunder the premise of creating without\nrestrictions and responsibly.<br \/>\n<!-- \/epsilon\/Specialties--><br \/>\n<!-- epsilon\/Specialties --><br \/>\nPREVENTION<br \/>\nWe create communication actions and\ncommunication campaigns to promote the\nInternet and web resources.<br \/>\n<!-- \/epsilon\/Specialties--><br \/>\n<!-- epsilon\/Specialties --><br \/>\nCONSULTANCY<br \/>\nWe open up and offer you our experience in\nthe development of subjects and learning\nmaterials, as well as our anecdotes and\nstories when building up a responsible and\nengaged cyber community.<br \/>\n<!-- \/epsilon\/Specialties--><br \/>\n<!-- \/epsilon\/specialties --><\/p>\n<p><!-- epsilon\/openhours --><br \/>\n<font color=\"red\">WEBINAR<\/font><br \/>Ni\u00f1os y adolescentes <br \/>hiperconectados<br \/>\n <br \/>y sus padres\u2026  \u00bfqu\u00e9?<\/p>\n<p class=\"text-center\"><b>\u201cInternet; pero con cabeza\u201d\u00a0<\/p>\n<p class=\"text-center\">\n<a href=\"https:\/\/elteclas.com\/wp-content\/uploads\/2023\/10\/eBook.pdf\" target=\"_blank\" rel=\"noopener\">Descarga el eBook<\/a><\/p>\n<p class=\"text-center\"><a class=\"btn btn-small\" href=\"https:\/\/www.elteclas.com\/suscribete\/\" target=\"_blank\" rel=\"noopener\">Inscr\u00edbete para m\u00e1s informaci\u00f3n<\/a><\/p>\n<p><!-- epsilon\/Schedule --><br \/>\nPR\u00d3XIMAMENTE<br \/>\nPor confirmar<br \/>\n<!-- \/epsilon\/Schedule--><br \/>\n<!-- \/epsilon\/openhours --><\/p>","protected":false},"excerpt":{"rendered":"<p>#CIBERBRIGADISTA M\u00e1s de 15 a\u00f1os creando proyectos y actividades con el objetivo de formar #ciberciudadanos Creativos Internet est\u00e1 llena de oportunidades, vamos a sacarle el mayor provecho. Responsables Nuestras premisas: \u201cInternet pero con cabeza\u201d y \u201cComparte responsableMENTE\u201d. Solidarios Crear y apoyar campa\u00f1as de difusi\u00f3n de valores y normas para una sana convivencia en la red. [&hellip;]<\/p>\n","protected":false},"author":1,"featured_media":0,"parent":0,"menu_order":0,"comment_status":"closed","ping_status":"closed","template":"","meta":{"_coblocks_attr":"","_coblocks_dimensions":"","_coblocks_responsive_height":"","_coblocks_accordion_ie_support":"","footnotes":""},"class_list":["post-12","page","type-page","status-publish","hentry"],"_links":{"self":[{"href":"https:\/\/ciberbrigadista.com\/en\/wp-json\/wp\/v2\/pages\/12","targetHints":{"allow":["GET"]}}],"collection":[{"href":"https:\/\/ciberbrigadista.com\/en\/wp-json\/wp\/v2\/pages"}],"about":[{"href":"https:\/\/ciberbrigadista.com\/en\/wp-json\/wp\/v2\/types\/page"}],"author":[{"embeddable":true,"href":"https:\/\/ciberbrigadista.com\/en\/wp-json\/wp\/v2\/users\/1"}],"replies":[{"embeddable":true,"href":"https:\/\/ciberbrigadista.com\/en\/wp-json\/wp\/v2\/comments?post=12"}],"version-history":[{"count":51,"href":"https:\/\/ciberbrigadista.com\/en\/wp-json\/wp\/v2\/pages\/12\/revisions"}],"predecessor-version":[{"id":292,"href":"https:\/\/ciberbrigadista.com\/en\/wp-json\/wp\/v2\/pages\/12\/revisions\/292"}],"wp:attachment":[{"href":"https:\/\/ciberbrigadista.com\/en\/wp-json\/wp\/v2\/media?parent=12"}],"curies":[{"name":"wp","href":"https:\/\/api.w.org\/{rel}","templated":true}]}}